{"id":2416,"date":"2020-11-29T13:49:45","date_gmt":"2020-11-29T13:49:45","guid":{"rendered":"https:\/\/magicoftheunknown.com\/?page_id=2416"},"modified":"2023-08-31T07:52:05","modified_gmt":"2023-08-31T07:52:05","slug":"about","status":"publish","type":"page","link":"https:\/\/magicoftheunknown.com\/de\/","title":{"rendered":"\u00dcber"},"content":{"rendered":"<div data-elementor-type=\"wp-page\" data-elementor-id=\"2416\" class=\"elementor elementor-2416\">\n\t\t\t\t\t\t<section class=\"elementor-section elementor-top-section elementor-element elementor-element-e78af04 elementor-section-boxed elementor-section-height-default elementor-section-height-default wpr-particle-no wpr-jarallax-no wpr-parallax-no wpr-sticky-section-no wpr-equal-height-no\" data-id=\"e78af04\" data-element_type=\"section\" data-e-type=\"section\">\n\t\t\t\t\t\t<div class=\"elementor-container elementor-column-gap-default\">\n\t\t\t\t\t<div class=\"elementor-column elementor-col-100 elementor-top-column elementor-element elementor-element-7ecb5bb\" data-id=\"7ecb5bb\" data-element_type=\"column\" data-e-type=\"column\">\n\t\t\t<div class=\"elementor-widget-wrap elementor-element-populated\">\n\t\t\t\t\t\t<div class=\"elementor-element elementor-element-d59cd92 elementor-widget elementor-widget-text-editor\" data-id=\"d59cd92\" data-element_type=\"widget\" data-e-type=\"widget\" data-widget_type=\"text-editor.default\">\n\t\t\t\t<div class=\"elementor-widget-container\">\n\t\t\t\t\t\t\t\t\t<h4>Hallo, ich hei\u00dfe Stefanie und willkommen bei \"Magic of the Unknown\"!<\/h4>\t\t\t\t\t\t\t\t<\/div>\n\t\t\t\t<\/div>\n\t\t\t\t\t<\/div>\n\t\t<\/div>\n\t\t\t\t\t<\/div>\n\t\t<\/section>\n\t\t\t\t<section class=\"elementor-section elementor-top-section elementor-element elementor-element-1f18f19f elementor-section-boxed elementor-section-height-default elementor-section-height-default wpr-particle-no wpr-jarallax-no wpr-parallax-no wpr-sticky-section-no wpr-equal-height-no\" data-id=\"1f18f19f\" data-element_type=\"section\" data-e-type=\"section\">\n\t\t\t\t\t\t<div class=\"elementor-container elementor-column-gap-default\">\n\t\t\t\t\t<div class=\"elementor-column elementor-col-100 elementor-top-column elementor-element elementor-element-5099350a\" data-id=\"5099350a\" data-element_type=\"column\" data-e-type=\"column\">\n\t\t\t<div class=\"elementor-widget-wrap elementor-element-populated\">\n\t\t\t\t\t\t<div class=\"elementor-element elementor-element-6afbd813 elementor-widget elementor-widget-text-editor\" data-id=\"6afbd813\" data-element_type=\"widget\" data-e-type=\"widget\" data-settings=\"{&quot;_animation&quot;:&quot;none&quot;}\" data-widget_type=\"text-editor.default\">\n\t\t\t\t<div class=\"elementor-widget-container\">\n\t\t\t\t\t\t\t\t\t<p><\/p>\n<p>Warum der Name \"Magic of the Unknown\"? Es ist wie in dem Gedicht \"The road not taken\" von Robert Frost. Die weniger bereiste Stra\u00dfe zu nehmen, ist vielleicht die ungewissere Alternative. Diejenige, deren Ziel man am Anfang nicht sehen kann oder nur als sehr verschwommene Silhouette am Horizont. Aber sie ist voller Magie, und das macht den Unterschied aus. Ich denke, es ist das Unbekannte, in dem man wirklich magische Momente, Begegnungen und Orte findet. Da ich in L\u00e4ndern gelebt habe, die nicht zu den \u00fcblichen Reisezielen f\u00fcr internationale Touristen geh\u00f6ren, hatte ich die M\u00f6glichkeit, Menschen mit ganz anderen Lebensumst\u00e4nden als meinen zu treffen, viele unerwartete Situationen zu erleben und Orte von atemberaubender Sch\u00f6nheit zu sehen.\u00a0<\/p>\n<p><\/p>\n<p>Der Schwerpunkt dieses Blogs liegt auf Indien aus der Perspektive von jemandem, der in diesem Land lebt und arbeitet, ohne von dort zu stammen. Indien wird immer noch oft als ein exotisches Land wahrgenommen, \u00fcber das in den ausl\u00e4ndischen Medien nur sehr ungew\u00f6hnliche Dinge berichtet werden, indem man sich auf Aspekte konzentriert, die dem Leben und den Sichtweisen im jeweiligen Land sehr entgegengesetzt sind. Aber unter dieser Schicht von Exotik und Fremdartigkeit gibt es Menschen mit den gleichen Sehns\u00fcchten, Tr\u00e4umen und Hoffnungen wie in jedem anderen Land auch. Sich nur auf die Unterschiede zu konzentrieren, obwohl es diese nat\u00fcrlich gibt, tr\u00e4gt nicht zu einem tieferen Verst\u00e4ndnis und einer gr\u00f6\u00dferen Offenheit gegen\u00fcber anderen Kulturen bei.\u00a0<\/p>\n<p><\/p>\n<p>Neben Indien geht es in diesem Blog vor allem um die Pal\u00e4stinensischen Gebiete, Israel und Deutschland sowie um das Leben und Reisen mit Typ-1-Diabetes. Ziel ist es, andere zu ermutigen, das Leben zu leben, das sie sich ertr\u00e4umen und sich nicht durch \u00c4ngste davor, seinen Tr\u00e4umen zu folgen, und\/oder durch eine chronische Krankheit aufhalten zu lassen.<\/p>\n<p><strong>Wenn du eine Reise in eines dieser L\u00e4nder planst und mehr dar\u00fcber erfahren m\u00f6chtest, wenn du nach Reisetipps suchst oder wenn du einfach nur die gleiche Leidenschaft f\u00fcr Fernreisen hast wie ich, dann bist du auf meinem Blog herzlich willkommen!<\/strong><span style=\"font-family: inherit; font-size: 22px; font-style: inherit; text-align: start; word-spacing: 0px;\">\u00a0<\/span><\/p>\n<p><\/p>\n<p><\/p>\t\t\t\t\t\t\t\t<\/div>\n\t\t\t\t<\/div>\n\t\t\t\t\t<\/div>\n\t\t<\/div>\n\t\t\t\t\t<\/div>\n\t\t<\/section>\n\t\t\t\t<section class=\"elementor-section elementor-top-section elementor-element elementor-element-2f80dbd elementor-section-boxed elementor-section-height-default elementor-section-height-default wpr-particle-no wpr-jarallax-no wpr-parallax-no wpr-sticky-section-no wpr-equal-height-no\" data-id=\"2f80dbd\" data-element_type=\"section\" data-e-type=\"section\">\n\t\t\t\t\t\t<div class=\"elementor-container elementor-column-gap-default\">\n\t\t\t\t\t<div class=\"elementor-column elementor-col-100 elementor-top-column elementor-element elementor-element-c95cb4b\" data-id=\"c95cb4b\" data-element_type=\"column\" data-e-type=\"column\">\n\t\t\t<div class=\"elementor-widget-wrap elementor-element-populated\">\n\t\t\t\t\t\t<div class=\"elementor-element elementor-element-1a7bdc5 elementor-widget elementor-widget-text-editor\" data-id=\"1a7bdc5\" data-element_type=\"widget\" data-e-type=\"widget\" data-widget_type=\"text-editor.default\">\n\t\t\t\t<div class=\"elementor-widget-container\">\n\t\t\t\t\t\t\t\t\t<h5>\"Zwei Wege teilten sich in einem Wald, und ich -&nbsp;<br>Ich nahm den weniger bereisten Weg,&nbsp;<br>Und das machte den gro\u00dfen Unterschied.\"&nbsp;<\/h5>\n<p>(Auszug aus dem Gedicht \"The road not taken\" von Robert Frost, 1915)<\/p>\t\t\t\t\t\t\t\t<\/div>\n\t\t\t\t<\/div>\n\t\t\t\t\t<\/div>\n\t\t<\/div>\n\t\t\t\t\t<\/div>\n\t\t<\/section>\n\t\t\t\t<section class=\"elementor-section elementor-top-section elementor-element elementor-element-7d602e6 elementor-section-boxed elementor-section-height-default elementor-section-height-default wpr-particle-no wpr-jarallax-no wpr-parallax-no wpr-sticky-section-no wpr-equal-height-no\" data-id=\"7d602e6\" data-element_type=\"section\" data-e-type=\"section\">\n\t\t\t\t\t\t<div class=\"elementor-container elementor-column-gap-default\">\n\t\t\t\t\t<div class=\"elementor-column elementor-col-100 elementor-top-column elementor-element elementor-element-f8ad23c\" data-id=\"f8ad23c\" data-element_type=\"column\" data-e-type=\"column\">\n\t\t\t<div class=\"elementor-widget-wrap elementor-element-populated\">\n\t\t\t\t\t\t<div class=\"elementor-element elementor-element-2157a52 elementor-widget elementor-widget-heading\" data-id=\"2157a52\" data-element_type=\"widget\" data-e-type=\"widget\" data-widget_type=\"heading.default\">\n\t\t\t\t<div class=\"elementor-widget-container\">\n\t\t\t\t\t<h5 class=\"elementor-heading-title elementor-size-default\">Beginne mit dem Lesen!<\/h5>\t\t\t\t<\/div>\n\t\t\t\t<\/div>\n\t\t\t\t\t<\/div>\n\t\t<\/div>\n\t\t\t\t\t<\/div>\n\t\t<\/section>\n\t\t\t\t<section class=\"elementor-section elementor-top-section elementor-element elementor-element-97820eb elementor-section-boxed elementor-section-height-default elementor-section-height-default wpr-particle-no wpr-jarallax-no wpr-parallax-no wpr-sticky-section-no wpr-equal-height-no\" data-id=\"97820eb\" data-element_type=\"section\" data-e-type=\"section\">\n\t\t\t\t\t\t<div class=\"elementor-container elementor-column-gap-default\">\n\t\t\t\t\t<div class=\"elementor-column elementor-col-100 elementor-top-column elementor-element elementor-element-01dafa6\" data-id=\"01dafa6\" data-element_type=\"column\" data-e-type=\"column\">\n\t\t\t<div class=\"elementor-widget-wrap elementor-element-populated\">\n\t\t\t\t\t\t<div class=\"elementor-element elementor-element-4c295dd elementor-widget elementor-widget-text-editor\" data-id=\"4c295dd\" data-element_type=\"widget\" data-e-type=\"widget\" data-widget_type=\"text-editor.default\">\n\t\t\t\t<div class=\"elementor-widget-container\">\n\t\t\t\t\t\t\t\t\t<p><div class=\"map_wrapper\" id=\"map_wrapper_2802\">\n<div class=\"map_box\" style=\"max-width:2000px\">\n<div class=\"map_aspect_ratio\" style=\"padding-top:56%\" data-padding-top=\"56%\" data-padding-top-mobile=\"0%\">\n<div class=\"map_container\">\n<div class=\"map_render map_loading\" id=\"map_2802\"><\/div>\n<\/div>\n<\/div>\n<\/div>\n<\/div><\/p>\t\t\t\t\t\t\t\t<\/div>\n\t\t\t\t<\/div>\n\t\t\t\t\t<\/div>\n\t\t<\/div>\n\t\t\t\t\t<\/div>\n\t\t<\/section>\n\t\t\t\t<\/div>","protected":false},"excerpt":{"rendered":"<p>Hi, I am Stefanie and welcome to &#8220;Magic of the Unknown&#8221;! Why the name &#8220;Magic of the Unknown&#8221;? It is like in the poem &#8220;The road not taken&#8221; by Robert Frost. Taking the road less traveled by is maybe the more uncertain choice. The one, which destination you cannot see in the beginning or only as a very blurred vision on the horizon. But it is full of magic and that makes all the difference. I think it is in the unknown, where one can truly find magical moments, encounters and scenes.\u00a0Having lived in countries, which are not common travel destinations for international tourists, I had the opportunity to meet people from completely different backgrounds than mine, to experience many unexpected situations and to see places of breathtaking beauty.\u00a0 The main focus of this blog is India from the perspective of someone living and working in this country without originating from there. India is still often seen as an exotic country, about which only quite unusual things are reported in the foreign media by focusing on aspects very opposite to the life and perceptions in the respective country. But under this layer of exoticism and foreignness, there are people with the same aspirations, dreams and hopes like in every other country. Only focusing on the things different, which of course they do exist, does not help to get a deeper understanding and generate an openness towards other cultures.\u00a0 Besides India, this blog is also about the Palestinian Territories, Israel as well as Germany and about life and traveling with Type 1 Diabetes. It aims to empower others to live the life that they dream for themselves and to not let them feel limited by fears about following their dreams and\/or\u00a0by a chronic disease. So, whether you plan to travel to one of these countries and you would like to learn more about them, whether you look for travel suggestions or you are simply just as passionate about traveling abroad as I am, then you are welcome to my blog!\u00a0 &#8220;Two roads diverged in a wood, and I &#8211;&nbsp;I took the one less traveled by,&nbsp;And that has made all the difference.&#8221;&nbsp; (excerpt from the poem &#8220;The road not taken&#8221; by Robert Frost, 1915) Start reading!<\/p>","protected":false},"author":1,"featured_media":0,"parent":0,"menu_order":0,"comment_status":"closed","ping_status":"closed","template":"","meta":{"nf_dc_page":"","om_disable_all_campaigns":false,"_uag_custom_page_level_css":"","_monsterinsights_skip_tracking":false,"_monsterinsights_sitenote_active":false,"_monsterinsights_sitenote_note":"","_monsterinsights_sitenote_category":0,"footnotes":""},"class_list":["post-2416","page","type-page","status-publish","hentry"],"yoast_head":"<!-- This site is optimized with the Yoast SEO plugin v27.4 - https:\/\/yoast.com\/product\/yoast-seo-wordpress\/ -->\n<title>About me - Magic of the Unknown<\/title>\n<meta name=\"description\" content=\"Hi and welcome to &quot;Magic of the unknown&quot;! My name is Stefanie and I am glad that you have found your way to my travel blog.\" \/>\n<meta name=\"robots\" content=\"index, follow, max-snippet:-1, max-image-preview:large, max-video-preview:-1\" \/>\n<link rel=\"canonical\" href=\"https:\/\/magicoftheunknown.com\/de\/\" \/>\n<meta property=\"og:locale\" content=\"de_DE\" \/>\n<meta property=\"og:type\" content=\"article\" \/>\n<meta property=\"og:title\" content=\"About me - Magic of the Unknown\" \/>\n<meta property=\"og:description\" content=\"Hi and welcome to &quot;Magic of the unknown&quot;! My name is Stefanie and I am glad that you have found your way to my travel blog.\" \/>\n<meta property=\"og:url\" content=\"https:\/\/magicoftheunknown.com\/de\/\" \/>\n<meta property=\"article:publisher\" content=\"https:\/\/www.facebook.com\/Magic-of-the-unknown-2344511685581847\" \/>\n<meta property=\"article:modified_time\" content=\"2023-08-31T07:52:05+00:00\" \/>\n<meta name=\"twitter:card\" content=\"summary_large_image\" \/>\n<meta name=\"twitter:label1\" content=\"Gesch\u00e4tzte Lesezeit\" \/>\n\t<meta name=\"twitter:data1\" content=\"3\u00a0Minuten\" \/>\n<!-- \/ Yoast SEO plugin. -->","yoast_head_json":{"title":"About me - Magic of the Unknown","description":"Hi and welcome to \"Magic of the unknown\"! My name is Stefanie and I am glad that you have found your way to my travel blog.","robots":{"index":"index","follow":"follow","max-snippet":"max-snippet:-1","max-image-preview":"max-image-preview:large","max-video-preview":"max-video-preview:-1"},"canonical":"https:\/\/magicoftheunknown.com\/de\/","og_locale":"de_DE","og_type":"article","og_title":"About me - Magic of the Unknown","og_description":"Hi and welcome to \"Magic of the unknown\"! My name is Stefanie and I am glad that you have found your way to my travel blog.","og_url":"https:\/\/magicoftheunknown.com\/de\/","article_publisher":"https:\/\/www.facebook.com\/Magic-of-the-unknown-2344511685581847","article_modified_time":"2023-08-31T07:52:05+00:00","twitter_card":"summary_large_image","twitter_misc":{"Gesch\u00e4tzte Lesezeit":"3\u00a0Minuten"},"schema":{"@context":"https:\/\/schema.org","@graph":[{"@type":"WebPage","@id":"https:\/\/magicoftheunknown.com\/","url":"https:\/\/magicoftheunknown.com\/","name":"About me - Magic of the Unknown","isPartOf":{"@id":"https:\/\/magicoftheunknown.com\/#website"},"datePublished":"2020-11-29T13:49:45+00:00","dateModified":"2023-08-31T07:52:05+00:00","description":"Hi and welcome to \"Magic of the unknown\"! My name is Stefanie and I am glad that you have found your way to my travel blog.","breadcrumb":{"@id":"https:\/\/magicoftheunknown.com\/#breadcrumb"},"inLanguage":"de","potentialAction":[{"@type":"ReadAction","target":["https:\/\/magicoftheunknown.com\/"]}]},{"@type":"BreadcrumbList","@id":"https:\/\/magicoftheunknown.com\/#breadcrumb","itemListElement":[{"@type":"ListItem","position":1,"name":"Home","item":"https:\/\/magicoftheunknown.com\/"},{"@type":"ListItem","position":2,"name":"About"}]},{"@type":"WebSite","@id":"https:\/\/magicoftheunknown.com\/#website","url":"https:\/\/magicoftheunknown.com\/","name":"","description":"","publisher":{"@id":"https:\/\/magicoftheunknown.com\/#\/schema\/person\/61838d0725faf17427696d1ea5efe3c3"},"potentialAction":[{"@type":"SearchAction","target":{"@type":"EntryPoint","urlTemplate":"https:\/\/magicoftheunknown.com\/?s={search_term_string}"},"query-input":{"@type":"PropertyValueSpecification","valueRequired":true,"valueName":"search_term_string"}}],"inLanguage":"de"},{"@type":["Person","Organization"],"@id":"https:\/\/magicoftheunknown.com\/#\/schema\/person\/61838d0725faf17427696d1ea5efe3c3","name":"Stefanie","image":{"@type":"ImageObject","inLanguage":"de","@id":"https:\/\/magicoftheunknown.com\/wp-content\/uploads\/2021\/07\/cropped-Magic-of-the-unknown-Favicon.jpg","url":"https:\/\/magicoftheunknown.com\/wp-content\/uploads\/2021\/07\/cropped-Magic-of-the-unknown-Favicon.jpg","contentUrl":"https:\/\/magicoftheunknown.com\/wp-content\/uploads\/2021\/07\/cropped-Magic-of-the-unknown-Favicon.jpg","width":512,"height":512,"caption":"Stefanie"},"logo":{"@id":"https:\/\/magicoftheunknown.com\/wp-content\/uploads\/2021\/07\/cropped-Magic-of-the-unknown-Favicon.jpg"},"sameAs":["https:\/\/www.facebook.com\/Magic-of-the-unknown-2344511685581847","https:\/\/www.instagram.com\/magicoftheunknown","https:\/\/www.youtube.com\/magicoftheunknown"]}]}},"uagb_featured_image_src":{"full":false,"thumbnail":false,"medium":false,"medium_large":false,"large":false,"1536x1536":false,"2048x2048":false,"trp-custom-language-flag":false,"ashe-slider-grid-thumbnail":false,"ashe-full-thumbnail":false,"ashe-grid-thumbnail":false,"ashe-list-thumbnail":false,"ashe-single-navigation":false},"uagb_author_info":{"display_name":"Stefanie","author_link":"https:\/\/magicoftheunknown.com\/de\/author\/steffihandschuh\/"},"uagb_comment_info":0,"uagb_excerpt":"Hi, I am Stefanie and welcome to &#8220;Magic of the Unknown&#8221;! Why the name &#8220;Magic of the Unknown&#8221;? It is like in the poem &#8220;The road not taken&#8221; by Robert Frost. Taking the road less traveled by is maybe the more uncertain choice. The one, which destination you cannot see in the beginning or only&hellip;","acf":[],"jetpack_sharing_enabled":true,"_links":{"self":[{"href":"https:\/\/magicoftheunknown.com\/de\/wp-json\/wp\/v2\/pages\/2416","targetHints":{"allow":["GET"]}}],"collection":[{"href":"https:\/\/magicoftheunknown.com\/de\/wp-json\/wp\/v2\/pages"}],"about":[{"href":"https:\/\/magicoftheunknown.com\/de\/wp-json\/wp\/v2\/types\/page"}],"author":[{"embeddable":true,"href":"https:\/\/magicoftheunknown.com\/de\/wp-json\/wp\/v2\/users\/1"}],"replies":[{"embeddable":true,"href":"https:\/\/magicoftheunknown.com\/de\/wp-json\/wp\/v2\/comments?post=2416"}],"version-history":[{"count":5,"href":"https:\/\/magicoftheunknown.com\/de\/wp-json\/wp\/v2\/pages\/2416\/revisions"}],"predecessor-version":[{"id":2910,"href":"https:\/\/magicoftheunknown.com\/de\/wp-json\/wp\/v2\/pages\/2416\/revisions\/2910"}],"wp:attachment":[{"href":"https:\/\/magicoftheunknown.com\/de\/wp-json\/wp\/v2\/media?parent=2416"}],"curies":[{"name":"wp","href":"https:\/\/api.w.org\/{rel}","templated":true}]}}